{"id":461,"date":"2026-03-29T10:51:21","date_gmt":"2026-03-29T10:51:21","guid":{"rendered":"https:\/\/falakcosmetic.tn\/?post_type=product&#038;p=461"},"modified":"2026-04-05T23:32:08","modified_gmt":"2026-04-05T23:32:08","slug":"deodorant-spray-falak","status":"publish","type":"product","link":"https:\/\/falakcosmetic.tn\/index.php\/produit\/deodorant-spray-falak\/","title":{"rendered":"Deodorant Spray Falak"},"content":{"rendered":"<div class=\"flex flex-col text-sm pb-25\">\n<section class=\"text-token-text-primary w-full focus:outline-none [--shadow-height:45px] has-data-writing-block:pointer-events-none has-data-writing-block:-mt-(--shadow-height) has-data-writing-block:pt-(--shadow-height) [&amp;:has([data-writing-block])&gt;*]:pointer-events-auto scroll-mt-[calc(var(--header-height)+min(200px,max(70px,20svh)))]\" dir=\"auto\" data-turn-id=\"request-WEB:f53f248d-0eb1-4a45-a8c1-bedf5e96c0f6-2\" data-testid=\"conversation-turn-6\" data-scroll-anchor=\"true\" data-turn=\"assistant\">\n<div class=\"text-base my-auto mx-auto pb-10 [--thread-content-margin:var(--thread-content-margin-xs,calc(var(--spacing)*4))] @w-sm\/main:[--thread-content-margin:var(--thread-content-margin-sm,calc(var(--spacing)*6))] @w-lg\/main:[--thread-content-margin:var(--thread-content-margin-lg,calc(var(--spacing)*16))] px-(--thread-content-margin)\">\n<div class=\"[--thread-content-max-width:40rem] @w-lg\/main:[--thread-content-max-width:48rem] mx-auto max-w-(--thread-content-max-width) flex-1 group\/turn-messages focus-visible:outline-hidden relative flex w-full min-w-0 flex-col agent-turn\">\n<div class=\"flex max-w-full flex-col gap-4 grow\">\n<div class=\"min-h-8 text-message relative flex w-full flex-col items-end gap-2 text-start break-words whitespace-normal outline-none keyboard-focused:focus-ring [.text-message+&amp;]:mt-1\" dir=\"auto\" tabindex=\"0\" data-message-author-role=\"assistant\" data-message-id=\"f668d142-1690-40c7-b371-3d7c5adb2229\" data-message-model-slug=\"gpt-5-3\" data-turn-start-message=\"true\">\n<div class=\"flex w-full flex-col gap-1 empty:hidden\">\n<div class=\"markdown prose dark:prose-invert w-full wrap-break-word light markdown-new-styling\">\n<p data-start=\"0\" data-end=\"64\"><strong>D\u00e9odorant Naturel Spray FALAK \u2013 La fra\u00eecheur pure, au naturel \ud83c\udf3f<\/strong><\/p>\n<p data-start=\"66\" data-end=\"406\">D\u00e9couvrez <strong>FALAK<\/strong>, un d\u00e9odorant naturel en spray qui vous offre une protection efficace tout en respectant l\u2019\u00e9quilibre naturel de votre peau. Formul\u00e9 \u00e0 base de pierre d\u2019alun naturelle, reconnue pour ses propri\u00e9t\u00e9s purifiantes, il neutralise les mauvaises odeurs sans bloquer la transpiration, pour une sensation de fra\u00eecheur saine et durable.<\/p>\n<p data-start=\"408\" data-end=\"691\">Enrichi en extraits v\u00e9g\u00e9taux apaisants, ce d\u00e9odorant prend soin de votre peau jour apr\u00e8s jour, en calmant les irritations et en apportant un confort optimal, m\u00eame aux peaux les plus sensibles. Sa texture l\u00e9g\u00e8re et son format spray assurent une application facile, rapide et agr\u00e9able.<\/p>\n<p data-start=\"693\" data-end=\"831\">FALAK ne se limite pas \u00e0 prot\u00e9ger : il accompagne votre routine avec douceur, en alliant efficacit\u00e9, naturalit\u00e9 et bien-\u00eatre au quotidien.<\/p>\n<p data-start=\"833\" data-end=\"881\"><strong>\ud83d\udca7 Pourquoi choisir le D\u00e9odorant Naturel FALAK ?<\/strong><\/p>\n<p data-start=\"883\" data-end=\"1186\">Formul\u00e9 \u00e0 base de pierre d\u2019alun naturelle<br data-start=\"924\" data-end=\"927\" \/>&#8211; Neutralise les odeurs sans bloquer la transpiration<br data-start=\"978\" data-end=\"981\" \/>&#8211; Enrichi en extraits v\u00e9g\u00e9taux apaisants<br data-start=\"1019\" data-end=\"1022\" \/>&#8211; Respecte l\u2019\u00e9quilibre naturel de la peau<br data-start=\"1061\" data-end=\"1064\" \/>&#8211; Convient aux peaux sensibles<br data-start=\"1092\" data-end=\"1095\" \/>&#8211; Texture l\u00e9g\u00e8re, fra\u00eeche et non collante<br data-start=\"1134\" data-end=\"1137\" \/>&#8211; Unisexe, id\u00e9al pour une utilisation quotidienne<\/p>\n<p data-start=\"1189\" data-end=\"1385\"><strong>\ud83c\udf3f Inspiration FALAK :<\/strong><br data-start=\"1211\" data-end=\"1214\" \/>Une sensation de fra\u00eecheur pure inspir\u00e9e par la nature, comme une brise l\u00e9g\u00e8re qui vous accompagne tout au long de la journ\u00e9e, pour une confiance naturelle et authentique.<\/p>\n<p data-start=\"1387\" data-end=\"1445\" data-is-last-node=\"\" data-is-only-node=\"\"><strong>\u2728 FALAK \u2013 La protection naturelle qui respecte votre peau.<\/strong><\/p>\n<\/div>\n<\/div>\n<\/div>\n<\/div>\n<div class=\"z-0 flex min-h-[46px] justify-start\"><\/div>\n<div class=\"mt-3 w-full empty:hidden\">\n<div class=\"text-center\"><\/div>\n<\/div>\n<\/div>\n<\/div>\n<\/section>\n<\/div>\n<div class=\"pointer-events-none h-px w-px absolute bottom-0\" aria-hidden=\"true\" data-edge=\"true\"><\/div>\n","protected":false},"excerpt":{"rendered":"<p>D\u00e9odorant Naturel Spray FALAK \u2013 La fra\u00eecheur pure, au naturel \ud83c\udf3f D\u00e9couvrez FALAK, un d\u00e9odorant naturel en spray qui vous&hellip;<\/p>\n","protected":false},"featured_media":462,"comment_status":"open","ping_status":"closed","template":"","meta":[],"product_brand":[],"product_cat":[35],"product_tag":[],"class_list":{"0":"post-461","1":"product","2":"type-product","3":"status-publish","4":"has-post-thumbnail","6":"product_cat-huiles-et-parfums","8":"first","9":"instock","10":"sale","11":"featured","12":"shipping-taxable","13":"purchasable","14":"product-type-simple"},"_links":{"self":[{"href":"https:\/\/falakcosmetic.tn\/index.php\/wp-json\/wp\/v2\/product\/461","targetHints":{"allow":["GET"]}}],"collection":[{"href":"https:\/\/falakcosmetic.tn\/index.php\/wp-json\/wp\/v2\/product"}],"about":[{"href":"https:\/\/falakcosmetic.tn\/index.php\/wp-json\/wp\/v2\/types\/product"}],"replies":[{"embeddable":true,"href":"https:\/\/falakcosmetic.tn\/index.php\/wp-json\/wp\/v2\/comments?post=461"}],"wp:featuredmedia":[{"embeddable":true,"href":"https:\/\/falakcosmetic.tn\/index.php\/wp-json\/wp\/v2\/media\/462"}],"wp:attachment":[{"href":"https:\/\/falakcosmetic.tn\/index.php\/wp-json\/wp\/v2\/media?parent=461"}],"wp:term":[{"taxonomy":"product_brand","embeddable":true,"href":"https:\/\/falakcosmetic.tn\/index.php\/wp-json\/wp\/v2\/product_brand?post=461"},{"taxonomy":"product_cat","embeddable":true,"href":"https:\/\/falakcosmetic.tn\/index.php\/wp-json\/wp\/v2\/product_cat?post=461"},{"taxonomy":"product_tag","embeddable":true,"href":"https:\/\/falakcosmetic.tn\/index.php\/wp-json\/wp\/v2\/product_tag?post=461"}],"curies":[{"name":"wp","href":"https:\/\/api.w.org\/{rel}","templated":true}]}}